{"id":22,"date":"2023-10-01T07:56:26","date_gmt":"2023-10-01T10:56:26","guid":{"rendered":"https:\/\/localizaauto.com.br\/?page_id=22"},"modified":"2026-04-14T20:01:15","modified_gmt":"2026-04-14T23:01:15","slug":"funcionamento","status":"publish","type":"page","link":"https:\/\/localizaauto.com.br\/?page_id=22","title":{"rendered":"Funcionamento"},"content":{"rendered":"\n<h1 class=\"wp-block-heading\">COMO FUNCIONA<\/h1>\n\n\n\n<figure class=\"wp-block-table\"><table><tbody><tr><td>&nbsp;&nbsp;&nbsp;&nbsp;A<strong>&nbsp;LocalizAuto<\/strong>, emrpresa de rastreamento veicular fornece aos seus clientes e parceiros, aparelhos de \u00faltima gera\u00e7\u00e3o e servi\u00e7os de plataforma de rastreamento, com sistema pr\u00f3prio e servidores no exterior, onde, o &#8220;PARTICULAR OU EMPRESAS&#8221; s\u00e3o os pr\u00f3prios gestores do monitoramento de seus ve\u00edculos ou frotas, tendo o acesso ilimitado a sua central com login e senha pessoal atrav\u00e9s de um computador, tablet ou celular, obtendo assim com esta poderosa ferramenta uma maior&nbsp;<strong>seguran\u00e7a<\/strong>&nbsp;para sua<strong>&nbsp;fam\u00edlia&nbsp;<\/strong>e seu&nbsp;<strong>patrim\u00f4nio<\/strong>.&nbsp;&nbsp;&nbsp;&nbsp;<\/td><\/tr><\/tbody><\/table><\/figure>\n\n\n\n<p>&#8220;Proteja seu ve\u00edculo com o poder do rastreamento! Descubra como nossa solu\u00e7\u00e3o de rastreamento veicular pode trazer tranquilidade e seguran\u00e7a para voc\u00ea. Ligue agora mesmo para agendar uma demonstra\u00e7\u00e3o gratuita e tome o controle do seu ve\u00edculo!&#8221;<\/p>\n\n\n\n<p>Bem-vindo \u00e0 <strong>Localizaauto<\/strong>!<\/p>\n\n\n\n<p><br>Estamos felizes por voc\u00ea estar aqui. Nossa miss\u00e3o \u00e9 fornecer a voc\u00ea a tranquilidade que vem com o conhecimento de que seus ve\u00edculos est\u00e3o seguros e sob constante vigil\u00e2ncia. Com nossa tecnologia de ponta de rastreamento veicular, voc\u00ea est\u00e1 no controle.<\/p>\n\n\n\n<p><br><strong>Como Funciona o Rastreamento Veicular:<\/strong><\/p>\n\n\n\n<p>Nosso sistema de rastreamento de ve\u00edculos \u00e9 simples, eficaz e projetado para atender \u00e0s suas necessidades de seguran\u00e7a e gest\u00e3o de frotas, Aqui est\u00e1 como funciona:<\/p>\n\n\n\n<p><\/p>\n\n\n\n<ul class=\"wp-block-list\">\n<li><strong>Instala\u00e7\u00e3o do Dispositivo de Rastreamento:<\/strong> Ap\u00f3s se tornar nosso cliente, n\u00f3s instalamos discretamente um dispositivo de rastreamento em cada um de seus ve\u00edculos. Esse dispositivo \u00e9 equipado com tecnologia GPS de \u00faltima gera\u00e7\u00e3o.<\/li>\n<\/ul>\n\n\n\n<p><\/p>\n\n\n\n<ul class=\"wp-block-list\">\n<li><strong>Monitoramento em Tempo Real:<\/strong> Uma vez instalados, seus ve\u00edculos s\u00e3o constantemente monitorados em tempo real. Isso significa que voc\u00ea pode ver a localiza\u00e7\u00e3o precisa de cada ve\u00edculo em nosso painel de controle a qualquer momento.<\/li>\n<\/ul>\n\n\n\n<p><\/p>\n\n\n\n<ul class=\"wp-block-list\">\n<li><strong>Bloqueio\/desbloqueio:<\/strong> com apenas um clique voc\u00ea faz o bloqueio do seu ve\u00edculo atraves do aplicativo (Android \u2013 Iphone) ou do PC<\/li>\n<\/ul>\n\n\n\n<p><\/p>\n\n\n\n<ul class=\"wp-block-list\">\n<li><strong>Alertas Personalizados:<\/strong> Voc\u00ea pode configurar alertas personalizados para situa\u00e7\u00f5es espec\u00edficas, como msg (push) de igni\u00e7\u00e3o ligada\/desligada, entrada ou sa\u00edda de \u00e1reas delimitadas e muito mais. Isso permite que voc\u00ea saiba imediatamente quando algo fora do comum acontece.<\/li>\n<\/ul>\n\n\n\n<p><\/p>\n\n\n\n<ul class=\"wp-block-list\">\n<li><strong>Relat\u00f3rios Detalhados:<\/strong> Al\u00e9m do monitoramento em tempo real, fornecemos relat\u00f3rios detalhados sobre o hist\u00f3rico de movimenta\u00e7\u00e3o de seus ve\u00edculos. Isso ajuda na gest\u00e3o eficiente da sua frota.<\/li>\n<\/ul>\n\n\n\n<p><\/p>\n\n\n\n<ul class=\"wp-block-list\">\n<li><strong>Suporte ao Cliente: <\/strong>Estamos sempre dispon\u00edveis para responder a suas perguntas e fornecer suporte quando voc\u00ea mais precisa. Nossa equipe de suporte ao cliente est\u00e1 \u00e0 disposi\u00e7\u00e3o para garantir que voc\u00ea aproveite ao m\u00e1ximo nosso servi\u00e7o.<\/li>\n<\/ul>\n\n\n\n<p><\/p>\n\n\n\n<ul class=\"wp-block-list\">\n<li><strong>Acesso ao sistema de rastreamento:<\/strong> Atraves de aplicativos Android, Iphone e tamb\u00e9m Web<\/li>\n<\/ul>\n\n\n\n<p><br>Estamos comprometidos em garantir a seguran\u00e7a e efici\u00eancia dos seus ve\u00edculos. Com o rastreamento veicular da Localizaauto, voc\u00ea ter\u00e1 o controle nas suas m\u00e3os.<br>Pronto para come\u00e7ar? Entre em contato conosco para saber mais ou agende uma demonstra\u00e7\u00e3o do nosso sistema.<\/p>\n\n\n\n<p><strong>Adquira j\u00e1 seu rastreador   (Um ano de garantia)<\/strong><\/p>\n\n\n\n<p>Instala\u00e7\u00f5es gratuitas na regi\u00e3o de S\u00e3o Paulo<\/p>\n\n\n\n<p>             ( com agendamento )<\/p>\n\n\n\n<p>Enviamos via SEDEX para todos os Estados<\/p>\n\n\n\n<p><strong>Canal de vendas (11) 91457-2197 WhatsApp<\/strong><\/p>\n\n\n\n<p><strong>(11) 98198-9838 WhatsApp           (11) 2956-6642<\/strong><\/p>\n\n\n\n<p><\/p>\n","protected":false},"excerpt":{"rendered":"<p>COMO FUNCIONA &nbsp;&nbsp;&nbsp;&nbsp;A&nbsp;LocalizAuto, emrpresa de rastreamento veicular fornece aos seus clientes e parceiros, aparelhos de \u00faltima gera\u00e7\u00e3o e servi\u00e7os de plataforma de rastreamento, com sistema pr\u00f3prio e servidores no exterior,<\/p>\n<p><a href=\"https:\/\/localizaauto.com.br\/?page_id=22\" class=\"btn btn-skin btn-radius\">Continue Reading<span class=\"screen-reader-text\">Funcionamento<\/span><\/a><\/p>\n","protected":false},"author":1,"featured_media":0,"parent":0,"menu_order":0,"comment_status":"closed","ping_status":"closed","template":"","meta":{"footnotes":""},"class_list":["post-22","page","type-page","status-publish","hentry"],"_links":{"self":[{"href":"https:\/\/localizaauto.com.br\/index.php?rest_route=\/wp\/v2\/pages\/22","targetHints":{"allow":["GET"]}}],"collection":[{"href":"https:\/\/localizaauto.com.br\/index.php?rest_route=\/wp\/v2\/pages"}],"about":[{"href":"https:\/\/localizaauto.com.br\/index.php?rest_route=\/wp\/v2\/types\/page"}],"author":[{"embeddable":true,"href":"https:\/\/localizaauto.com.br\/index.php?rest_route=\/wp\/v2\/users\/1"}],"replies":[{"embeddable":true,"href":"https:\/\/localizaauto.com.br\/index.php?rest_route=%2Fwp%2Fv2%2Fcomments&post=22"}],"version-history":[{"count":15,"href":"https:\/\/localizaauto.com.br\/index.php?rest_route=\/wp\/v2\/pages\/22\/revisions"}],"predecessor-version":[{"id":156,"href":"https:\/\/localizaauto.com.br\/index.php?rest_route=\/wp\/v2\/pages\/22\/revisions\/156"}],"wp:attachment":[{"href":"https:\/\/localizaauto.com.br\/index.php?rest_route=%2Fwp%2Fv2%2Fmedia&parent=22"}],"curies":[{"name":"wp","href":"https:\/\/api.w.org\/{rel}","templated":true}]}}