{"id":23,"date":"2023-10-01T07:56:26","date_gmt":"2023-10-01T10:56:26","guid":{"rendered":"https:\/\/localizaauto.com.br\/?page_id=23"},"modified":"2026-04-14T19:44:23","modified_gmt":"2026-04-14T22:44:23","slug":"rastreadores","status":"publish","type":"page","link":"https:\/\/localizaauto.com.br\/?page_id=23","title":{"rendered":"Rastreadores"},"content":{"rendered":"\n<h1 class=\"wp-block-heading\">TIPOS DE RASTREADORES<\/h1>\n\n\n\n<h5 class=\"wp-block-heading\">Aparelhos de \u00faltima gera\u00e7\u00e3o Homologados pela Anatel<\/h5>\n\n\n\n<h2 class=\"wp-block-heading\"><\/h2>\n\n\n\n<h2 class=\"wp-block-heading\">Aplica\u00e7\u00e3o dos Localizadores<\/h2>\n\n\n\n<h3 class=\"wp-block-heading\">Moto<\/h3>\n\n\n\n<p>Motos s\u00e3o muito visadas para roubos, para diminuir esse risco a melhor op\u00e7\u00e3o \u00e9 com os rastreadores para motos com ou sem bloqueador da localizaauto, al\u00e9m de seguran\u00e7a, tranquilidade e garantia, nossos clientes t\u00eam grande economia.<\/p>\n\n\n\n<figure class=\"wp-block-image\"><img decoding=\"async\" src=\"https:\/\/localizaauto.net\/img\/moto.jpg\" alt=\"\"\/><\/figure>\n\n\n\n<h3 class=\"wp-block-heading\">Ve\u00edculos e Utilit\u00e1rios<\/h3>\n\n\n\n<p>Rastreadores para carros s\u00e3o a melhor op\u00e7\u00e3o de garantia e seguran\u00e7a para sua fam\u00edlia, com eles os riscos de roubos do ve\u00edculo diminuem, pois nossos aparelhos s\u00e3o de alta tecnologia e \u00f3tima qualidade.<\/p>\n\n\n\n<figure class=\"wp-block-image\"><img decoding=\"async\" src=\"https:\/\/localizaauto.net\/img\/carro.jpg\" alt=\"\"\/><\/figure>\n\n\n\n<h3 class=\"wp-block-heading\">Caminh\u00e3o<\/h3>\n\n\n\n<p>A melhor op\u00e7\u00e3o de servi\u00e7os de rastreamento para caminh\u00f5es, al\u00e9m de ter produtos de \u00faltima tecnologia, oferece servi\u00e7os de localizadores e anti-jammer para o autom\u00f3vel e a carga em casos de roubo.<\/p>\n\n\n\n<figure class=\"wp-block-image\"><img decoding=\"async\" src=\"https:\/\/localizaauto.net\/img\/caminhao.jpg\" alt=\"\"\/><\/figure>\n\n\n\n<h3 class=\"wp-block-heading\">Carretas<\/h3>\n\n\n\n<p>Rastreadores especiais para Carretas e outros ve\u00edculos que n\u00e3o possuem baterias, equipamentos com autonomia de 7 a 10 dias em standby.<\/p>\n\n\n\n<figure class=\"wp-block-image\"><img decoding=\"async\" src=\"https:\/\/localizaauto.net\/img\/carretas.jpg\" alt=\"\"\/><\/figure>\n\n\n\n<h3 class=\"wp-block-heading\">Pessoal &#8211; Port\u00e1til<\/h3>\n\n\n\n<p>Agora ficou bem mais f\u00e1cil e c\u00f4modo localizar seu filho, pessoa idosa, profissionais de campo (m\u00e9dicos, advogados, engenheiros, vendedores, t\u00e9cnicos, motoboy entre outros). O Rastreador Pessoal pode ser colocado no cinto, levado na bolsa ou no carro.<\/p>\n\n\n\n<figure class=\"wp-block-image\"><img decoding=\"async\" src=\"https:\/\/localizaauto.net\/img\/gps-portatil.jpg\" alt=\"\"\/><\/figure>\n\n\n\n<h3 class=\"wp-block-heading\">Investiga\u00e7\u00e3o<\/h3>\n\n\n\n<p>Para rastreamento de cargas e outros, equipamanto com base imantada e autonomia entre 7 e 10 dias.<\/p>\n\n\n\n<figure class=\"wp-block-image\"><img decoding=\"async\" src=\"https:\/\/localizaauto.net\/img\/investigacao.jpg\" alt=\"\"\/><\/figure>\n\n\n\n<h2 class=\"wp-block-heading\">Outras Aplica\u00e7\u00f5es<\/h2>\n\n\n\n<p><img decoding=\"async\" src=\"https:\/\/localizaauto.net\/img\/onibus.jpg\" alt=\"\"><strong>\u00d4nibus &#8211; Vans<\/strong><\/p>\n\n\n\n<p><img decoding=\"async\" src=\"https:\/\/localizaauto.net\/img\/lancha.jpg\" alt=\"\"><strong>Lanchas &#8211; Barcos<\/strong><\/p>\n\n\n\n<p><img decoding=\"async\" src=\"https:\/\/localizaauto.net\/img\/tratores.jpg\" alt=\"\"><strong>Tratores<\/strong><\/p>\n\n\n\n<figure class=\"wp-block-table\"><table><tbody><tr><td>&nbsp;&nbsp;&nbsp;&nbsp;A<strong>&nbsp;LocalizAuto<\/strong>, emrpresa de rastreamento veicular fornece aos seus clientes e parceiros, aparelhos de \u00faltima gera\u00e7\u00e3o e servi\u00e7os de plataforma de rastreamento, com sistema pr\u00f3prio e servidores no exterior, onde, o &#8220;PARTICULAR OU EMPRESAS&#8221; s\u00e3o os pr\u00f3prios gestores do monitoramento de seus ve\u00edculos ou frotas, tendo o acesso ilimitado a sua central com login e senha pessoal atrav\u00e9s de um computador, tablet ou celular, obtendo assim com esta poderosa ferramenta uma maior&nbsp;<strong>seguran\u00e7\u00e3<\/strong>&nbsp;para sua<strong>&nbsp;fam\u00edlia&nbsp;<\/strong>e seu&nbsp;<strong>patrim\u00f4nio<\/strong>.&nbsp;&nbsp;&nbsp;&nbsp;<\/td><\/tr><\/tbody><\/table><\/figure>\n","protected":false},"excerpt":{"rendered":"<p>TIPOS DE RASTREADORES Aparelhos de \u00faltima gera\u00e7\u00e3o Homologados pela Anatel Aplica\u00e7\u00e3o dos Localizadores Moto Motos s\u00e3o muito visadas para roubos, para diminuir esse risco a melhor op\u00e7\u00e3o \u00e9 com os<\/p>\n<p><a href=\"https:\/\/localizaauto.com.br\/?page_id=23\" class=\"btn btn-skin btn-radius\">Continue Reading<span class=\"screen-reader-text\">Rastreadores<\/span><\/a><\/p>\n","protected":false},"author":1,"featured_media":0,"parent":0,"menu_order":0,"comment_status":"closed","ping_status":"closed","template":"","meta":{"footnotes":""},"class_list":["post-23","page","type-page","status-publish","hentry"],"_links":{"self":[{"href":"https:\/\/localizaauto.com.br\/index.php?rest_route=\/wp\/v2\/pages\/23","targetHints":{"allow":["GET"]}}],"collection":[{"href":"https:\/\/localizaauto.com.br\/index.php?rest_route=\/wp\/v2\/pages"}],"about":[{"href":"https:\/\/localizaauto.com.br\/index.php?rest_route=\/wp\/v2\/types\/page"}],"author":[{"embeddable":true,"href":"https:\/\/localizaauto.com.br\/index.php?rest_route=\/wp\/v2\/users\/1"}],"replies":[{"embeddable":true,"href":"https:\/\/localizaauto.com.br\/index.php?rest_route=%2Fwp%2Fv2%2Fcomments&post=23"}],"version-history":[{"count":7,"href":"https:\/\/localizaauto.com.br\/index.php?rest_route=\/wp\/v2\/pages\/23\/revisions"}],"predecessor-version":[{"id":155,"href":"https:\/\/localizaauto.com.br\/index.php?rest_route=\/wp\/v2\/pages\/23\/revisions\/155"}],"wp:attachment":[{"href":"https:\/\/localizaauto.com.br\/index.php?rest_route=%2Fwp%2Fv2%2Fmedia&parent=23"}],"curies":[{"name":"wp","href":"https:\/\/api.w.org\/{rel}","templated":true}]}}