{"id":24,"date":"2023-10-01T07:56:26","date_gmt":"2023-10-01T10:56:26","guid":{"rendered":"https:\/\/localizaauto.com.br\/?page_id=24"},"modified":"2023-10-05T11:44:55","modified_gmt":"2023-10-05T14:44:55","slug":"sistema","status":"publish","type":"page","link":"https:\/\/localizaauto.com.br\/?page_id=24","title":{"rendered":"Sistema"},"content":{"rendered":"\n<p>CONHE\u00c7A NOSSO SISTEMA<br>Acesso Web ao sistema ou pelos aplicativos Android e Iphone<\/p>\n\n\n\n<figure class=\"wp-block-image size-full\"><img loading=\"lazy\" decoding=\"async\" width=\"874\" height=\"361\" src=\"http:\/\/localizaauto.com.br\/wp-content\/uploads\/2023\/10\/Sem-titulo.png\" alt=\"\" class=\"wp-image-64\" srcset=\"https:\/\/localizaauto.com.br\/wp-content\/uploads\/2023\/10\/Sem-titulo.png 874w, https:\/\/localizaauto.com.br\/wp-content\/uploads\/2023\/10\/Sem-titulo-300x124.png 300w, https:\/\/localizaauto.com.br\/wp-content\/uploads\/2023\/10\/Sem-titulo-768x317.png 768w\" sizes=\"auto, (max-width: 874px) 100vw, 874px\" \/><figcaption class=\"wp-element-caption\">Acesso ilimitado &#8211; Veja como funciona link:\u00a0<a href=\"https:\/\/app.localizaauto.com.br\/\">app.localizaauto.com.br<\/a>\u00a0&#8211; login\u00a0teste@teste<br>\u00a0e senha\u00a0teste<br><br><img decoding=\"async\" src=\"https:\/\/localizaauto.net\/img\/conheca-nosso-sistema\/img-1.jpg\" alt=\"\"><br><img decoding=\"async\" src=\"https:\/\/localizaauto.net\/img\/conheca-nosso-sistema\/img-4.jpg\" alt=\"\"><br>Selecione no menu um ve\u00edculo ou toda sua frota.<br><br><img decoding=\"async\" src=\"https:\/\/localizaauto.net\/img\/conheca-nosso-sistema\/img-3.jpg\" alt=\"\"><br><img decoding=\"async\" src=\"https:\/\/localizaauto.net\/img\/conheca-nosso-sistema\/img-2.jpg\" alt=\"\"><br>No menu voc\u00ea pode selecionar apenas um ve\u00edculo ou todos.<br><br>Diversos comandos: fun\u00e7\u00e3o armar\/desarmar alarmes e alertas controle de velocidadee principalmente, bloqueio\/desbloqueio.<br>Com a op\u00e7\u00e3o Cerca Virtual, voc\u00ea delimitar\u00e1 a \u00e1rea em que o ve\u00edculo dever\u00e1 circular, caso seja ultrapassada, receber\u00e1 um Alerta.<br>Consulta ao Hist\u00f3rico do ve\u00edculo armazenado por 30 dias, visualiza\u00e7\u00e3o na tela do percurso ou arquivo em PDF para impress\u00e3o.<br>Na parte inferior da tela voc\u00ea ter\u00e1 os dados atualizados de localiza\u00e7\u00e3o : data &#8211; hora &#8211; KM\/hora &#8211; endere\u00e7o &#8211; Bairro &#8211;<br><br><img decoding=\"async\" src=\"https:\/\/localizaauto.net\/img\/conheca-nosso-sistema\/img-9.jpg\" alt=\"\"><\/figcaption><\/figure>\n\n\n\n<p><strong>Monte sua Central de Monitoramento<\/strong><\/p>\n\n\n\n<p>Voc\u00ea do ramo log\u00edstica que gerencia frotas, temos todo suporte para sua central de monitoramento onde voc\u00ea mesmo poder\u00e1 gerenciar seus ve\u00edculos, atuar, bloquear, rastrear seus caminh\u00f5es, carros, motos, barcos, locadoras de carros, cooperativas de t\u00e1xi e outras categorias de risco.<\/p>\n\n\n\n<p>Ao ligar ou desligar o ve\u00edculo se entrar ou sair da cerca virtual voc\u00ea receber\u00e1 msg pusch no celular.<\/p>\n\n\n\n<p><strong>Rastreamento on-line<br>Rastreamento de todos os ve\u00edculos em uma tela<br>Atualiza\u00e7\u00e3o de posi\u00e7\u00f5es de 60 em 60 segundos.<br>Bloqueio e desbloqueio do ve\u00edculo pelo App ou Web<br>Bot\u00e3o de P\u00e2nico. Envio de alerta em caso do bot\u00e3o ser acionado (mod\/303)<br>Escute no interior do ve\u00edculo (mod\/303)<br>Hist\u00f3rico dos trajetos e paradas 30dias<br>Cerca Eletr\u00f4nica Poligonal facilmento criado dentro do pr\u00f3prio sistema<br>Relat\u00f3rios no formato PDF<br>Alerta sobre excesso de velocidade e muito mais<br>Acesso ao sistema de rastreamento atrav\u00e9s de login e senha, onde voc\u00ea poder\u00e1 rastrear sua frota de forma segura.<\/strong><\/p>\n\n\n\n<p><br><strong>Nosso Sistema possui suporte para toda linha TK e mais de 260 modelos de Rastreadores.<\/strong><\/p>\n\n\n\n<p>A LocalizAuto, emrpresa de rastreamento veicular fornece aos seus clientes e parceiros, aparelhos de \u00faltima gera\u00e7\u00e3o e servi\u00e7os de plataforma de rastreamento, com sistema pr\u00f3prio e servidores no exterior, onde, o &#8220;PARTICULAR OU EMPRESAS&#8221; s\u00e3o os pr\u00f3prios gestores do monitoramento de seus ve\u00edculos ou frotas, tendo o acesso ilimitado a sua central com login e senha pessoal atrav\u00e9s de um computador, tablet ou celular, obtendo assim com esta poderosa ferramenta uma maior seguran\u00e7a para sua fam\u00edlia e seu patrim\u00f4nio.<\/p>\n","protected":false},"excerpt":{"rendered":"<p>CONHE\u00c7A NOSSO SISTEMAAcesso Web ao sistema ou pelos aplicativos Android e Iphone Monte sua Central de Monitoramento Voc\u00ea do ramo log\u00edstica que gerencia frotas, temos todo suporte para sua central<\/p>\n<p><a href=\"https:\/\/localizaauto.com.br\/?page_id=24\" class=\"btn btn-skin btn-radius\">Continue Reading<span class=\"screen-reader-text\">Sistema<\/span><\/a><\/p>\n","protected":false},"author":1,"featured_media":0,"parent":0,"menu_order":0,"comment_status":"closed","ping_status":"closed","template":"","meta":{"footnotes":""},"class_list":["post-24","page","type-page","status-publish","hentry"],"_links":{"self":[{"href":"https:\/\/localizaauto.com.br\/index.php?rest_route=\/wp\/v2\/pages\/24","targetHints":{"allow":["GET"]}}],"collection":[{"href":"https:\/\/localizaauto.com.br\/index.php?rest_route=\/wp\/v2\/pages"}],"about":[{"href":"https:\/\/localizaauto.com.br\/index.php?rest_route=\/wp\/v2\/types\/page"}],"author":[{"embeddable":true,"href":"https:\/\/localizaauto.com.br\/index.php?rest_route=\/wp\/v2\/users\/1"}],"replies":[{"embeddable":true,"href":"https:\/\/localizaauto.com.br\/index.php?rest_route=%2Fwp%2Fv2%2Fcomments&post=24"}],"version-history":[{"count":4,"href":"https:\/\/localizaauto.com.br\/index.php?rest_route=\/wp\/v2\/pages\/24\/revisions"}],"predecessor-version":[{"id":66,"href":"https:\/\/localizaauto.com.br\/index.php?rest_route=\/wp\/v2\/pages\/24\/revisions\/66"}],"wp:attachment":[{"href":"https:\/\/localizaauto.com.br\/index.php?rest_route=%2Fwp%2Fv2%2Fmedia&parent=24"}],"curies":[{"name":"wp","href":"https:\/\/api.w.org\/{rel}","templated":true}]}}