{"id":25,"date":"2023-10-01T07:56:26","date_gmt":"2023-10-01T10:56:26","guid":{"rendered":"https:\/\/localizaauto.com.br\/?page_id=25"},"modified":"2026-04-14T19:42:21","modified_gmt":"2026-04-14T22:42:21","slug":"planos","status":"publish","type":"page","link":"https:\/\/localizaauto.com.br\/?page_id=25","title":{"rendered":"Planos"},"content":{"rendered":"\n<h1 class=\"wp-block-heading\">CONHE\u00c7A NOSSOS PLANOS E FORMAS DE PAGAMENTO<\/h1>\n\n\n\n<h2 class=\"wp-block-heading\">&nbsp;<\/h2>\n\n\n\n<p><strong>Uso da Plataforma<\/strong><br>RASTREADORES<br>R$ 14,90<br>Assinatura mensal<br>Mensais<\/p>\n\n\n\n<p><strong>Uso do CHIP<br><\/strong>Sistema de &#8220;comodato&#8221;<br>CHIP DE DADOS<br>R$ 18,00<br>Assinatura mensal<br>Mensais<\/p>\n\n\n\n<p><\/p>\n\n\n\n<p><strong>Aparelho Homologado pela ( ANATEL)<\/strong><\/p>\n\n\n\n<p>com instala\u00e7\u00e3o gratuita para regi\u00e3o de S\u00e3o Paulo<br><strong>&#8220;PROMO\u00c7\u00c3O&#8221;<\/strong> apenas R$ 215,00<\/p>\n\n\n\n<p><strong>Uso do Sistema<br><\/strong>Com nosso CHIP &#8220;comodato&#8221;<br>M2M ou 20Mg multi operadora<br>a partir de R$ 35,00<br>Sem escuta interna<br>Mensais<\/p>\n\n\n\n<p><\/p>\n\n\n\n<p><strong>Manuten\u00e7\u00e3o<br><\/strong>Retirada &#8211; reinstala\u00e7\u00e3o<br>Em S\u00e3o Paulo<br>R$ 85,00<br>por aparelho com agendamento<\/p>\n","protected":false},"excerpt":{"rendered":"<p>CONHE\u00c7A NOSSOS PLANOS E FORMAS DE PAGAMENTO &nbsp; Uso da PlataformaRASTREADORESR$ 14,90Assinatura mensalMensais Uso do CHIPSistema de &#8220;comodato&#8221;CHIP DE DADOSR$ 18,00Assinatura mensalMensais Aparelho Homologado pela ( ANATEL) com instala\u00e7\u00e3o gratuita<\/p>\n<p><a href=\"https:\/\/localizaauto.com.br\/?page_id=25\" class=\"btn btn-skin btn-radius\">Continue Reading<span class=\"screen-reader-text\">Planos<\/span><\/a><\/p>\n","protected":false},"author":1,"featured_media":0,"parent":0,"menu_order":0,"comment_status":"closed","ping_status":"closed","template":"","meta":{"footnotes":""},"class_list":["post-25","page","type-page","status-publish","hentry"],"_links":{"self":[{"href":"https:\/\/localizaauto.com.br\/index.php?rest_route=\/wp\/v2\/pages\/25","targetHints":{"allow":["GET"]}}],"collection":[{"href":"https:\/\/localizaauto.com.br\/index.php?rest_route=\/wp\/v2\/pages"}],"about":[{"href":"https:\/\/localizaauto.com.br\/index.php?rest_route=\/wp\/v2\/types\/page"}],"author":[{"embeddable":true,"href":"https:\/\/localizaauto.com.br\/index.php?rest_route=\/wp\/v2\/users\/1"}],"replies":[{"embeddable":true,"href":"https:\/\/localizaauto.com.br\/index.php?rest_route=%2Fwp%2Fv2%2Fcomments&post=25"}],"version-history":[{"count":10,"href":"https:\/\/localizaauto.com.br\/index.php?rest_route=\/wp\/v2\/pages\/25\/revisions"}],"predecessor-version":[{"id":154,"href":"https:\/\/localizaauto.com.br\/index.php?rest_route=\/wp\/v2\/pages\/25\/revisions\/154"}],"wp:attachment":[{"href":"https:\/\/localizaauto.com.br\/index.php?rest_route=%2Fwp%2Fv2%2Fmedia&parent=25"}],"curies":[{"name":"wp","href":"https:\/\/api.w.org\/{rel}","templated":true}]}}